{"id":15,"date":"2020-10-29T13:49:08","date_gmt":"2020-10-29T13:49:08","guid":{"rendered":"https:\/\/ferme-refat.com\/?page_id=15"},"modified":"2021-01-04T19:28:51","modified_gmt":"2021-01-04T19:28:51","slug":"datenschutz","status":"publish","type":"page","link":"https:\/\/ferme-refat.be\/fr\/datenschutz\/","title":{"rendered":"Protection des donn\u00e9es"},"content":{"rendered":"<div data-elementor-type=\"wp-page\" data-elementor-id=\"15\" class=\"elementor elementor-15\">\n\t\t\t\t\t\t<section class=\"elementor-section elementor-top-section elementor-element elementor-element-5b894876 elementor-section-boxed elementor-section-height-default elementor-section-height-default\" data-id=\"5b894876\" data-element_type=\"section\" data-e-type=\"section\">\n\t\t\t\t\t\t<div class=\"elementor-container elementor-column-gap-default\">\n\t\t\t\t\t<div class=\"elementor-column elementor-col-100 elementor-top-column elementor-element elementor-element-43743dc\" data-id=\"43743dc\" data-element_type=\"column\" data-e-type=\"column\">\n\t\t\t<div class=\"elementor-widget-wrap elementor-element-populated\">\n\t\t\t\t\t\t\t<\/div>\n\t\t<\/div>\n\t\t\t\t\t<\/div>\n\t\t<\/section>\n\t\t\t\t<section class=\"elementor-section elementor-top-section elementor-element elementor-element-89d9298 elementor-section-boxed elementor-section-height-default elementor-section-height-default\" data-id=\"89d9298\" data-element_type=\"section\" data-e-type=\"section\">\n\t\t\t\t\t\t<div class=\"elementor-container elementor-column-gap-default\">\n\t\t\t\t\t<div class=\"elementor-column elementor-col-100 elementor-top-column elementor-element elementor-element-40462ad\" data-id=\"40462ad\" data-element_type=\"column\" data-e-type=\"column\">\n\t\t\t<div class=\"elementor-widget-wrap elementor-element-populated\">\n\t\t\t\t\t\t<div class=\"elementor-element elementor-element-d90a13d elementor-widget elementor-widget-spacer\" data-id=\"d90a13d\" data-element_type=\"widget\" data-e-type=\"widget\" data-widget_type=\"spacer.default\">\n\t\t\t\t<div class=\"elementor-widget-container\">\n\t\t\t\t\t\t\t<div class=\"elementor-spacer\">\n\t\t\t<div class=\"elementor-spacer-inner\"><\/div>\n\t\t<\/div>\n\t\t\t\t\t\t<\/div>\n\t\t\t\t<\/div>\n\t\t\t\t\t<\/div>\n\t\t<\/div>\n\t\t\t\t\t<\/div>\n\t\t<\/section>\n\t\t\t\t<section class=\"elementor-section elementor-top-section elementor-element elementor-element-0e33e82 elementor-section-boxed elementor-section-height-default elementor-section-height-default\" data-id=\"0e33e82\" data-element_type=\"section\" data-e-type=\"section\">\n\t\t\t\t\t\t<div class=\"elementor-container elementor-column-gap-default\">\n\t\t\t\t\t<div class=\"elementor-column elementor-col-100 elementor-top-column elementor-element elementor-element-00083ab\" data-id=\"00083ab\" data-element_type=\"column\" data-e-type=\"column\">\n\t\t\t<div class=\"elementor-widget-wrap elementor-element-populated\">\n\t\t\t\t\t\t<div class=\"elementor-element elementor-element-a12b175 elementor-widget-divider--view-line elementor-widget elementor-widget-divider\" data-id=\"a12b175\" data-element_type=\"widget\" data-e-type=\"widget\" data-widget_type=\"divider.default\">\n\t\t\t\t<div class=\"elementor-widget-container\">\n\t\t\t\t\t\t\t<div class=\"elementor-divider\">\n\t\t\t<span class=\"elementor-divider-separator\">\n\t\t\t\t\t\t<\/span>\n\t\t<\/div>\n\t\t\t\t\t\t<\/div>\n\t\t\t\t<\/div>\n\t\t\t\t<div class=\"elementor-element elementor-element-8815408 elementor-widget elementor-widget-heading\" data-id=\"8815408\" data-element_type=\"widget\" data-e-type=\"widget\" data-widget_type=\"heading.default\">\n\t\t\t\t<div class=\"elementor-widget-container\">\n\t\t\t\t\t<h2 class=\"elementor-heading-title elementor-size-default\">DATENSCHUTZ<\/h2>\t\t\t\t<\/div>\n\t\t\t\t<\/div>\n\t\t\t\t\t<\/div>\n\t\t<\/div>\n\t\t\t\t\t<\/div>\n\t\t<\/section>\n\t\t\t\t<section class=\"elementor-section elementor-top-section elementor-element elementor-element-69fcaf8b elementor-section-boxed elementor-section-height-default elementor-section-height-default\" data-id=\"69fcaf8b\" data-element_type=\"section\" data-e-type=\"section\">\n\t\t\t\t\t\t<div class=\"elementor-container elementor-column-gap-default\">\n\t\t\t\t\t<div class=\"elementor-column elementor-col-100 elementor-top-column elementor-element elementor-element-2b24fe65\" data-id=\"2b24fe65\" data-element_type=\"column\" data-e-type=\"column\">\n\t\t\t<div class=\"elementor-widget-wrap elementor-element-populated\">\n\t\t\t\t\t\t<div class=\"elementor-element elementor-element-25d22c25 elementor-widget elementor-widget-text-editor\" data-id=\"25d22c25\" data-element_type=\"widget\" data-e-type=\"widget\" data-widget_type=\"text-editor.default\">\n\t\t\t\t<div class=\"elementor-widget-container\">\n\t\t\t\t\t\t\t\t\t<p><b>Protection des donn\u00e9es\u00a0<\/b><\/p><p>\u00a0<\/p><p>Wir nehmen Ihren Datenschutz sehr ernst und behandeln Ihre<br \/>personenbezogenen Daten vertraulich und entsprechend der gesetzlichen<br \/>Vorschriften.<\/p><p>Bitte bedenken Sie, dass die Daten\u00fcbertragung im Internet<br \/>grunds\u00e4tzlich mit Sicherheitsl\u00fccken bedacht sein kann. Ein vollumf\u00e4nglicher<br \/>Schutz vor dem Zugriff durch Fremde ist nicht realisierbar.<\/p><p>\u00a0<\/p><p>\u00a0<\/p><p><b>Zugriffsdaten<\/b><\/p><p>\u00a0<\/p><p>Bei Ihrem Besuch auf unserer Website werden Daten \u00fcber<br \/>Zugriffe auf die Seite erhoben und als \u201eServer-Logfiles\u201c gespeichert. Unter<br \/>anderem handelt es sich um folgende Daten:<\/p><p>\u00a0<\/p><p>Besuchte Seiten bzw. Kapitel<\/p><p>Datum und Uhrzeit zum Zeitpunkt des Zugriffes<\/p><p>Verweildauer<\/p><p>Quelle\/Verweis, von welchem Sie auf die Seite gelangten<\/p><p>Verwendeter Browser<\/p><p>Verwendetes Betriebssystem<\/p><p>Verwendete IP-Adresse<\/p><p>Verwendete Suchbegriffe<\/p><p>\u00a0<\/p><p>Die erhobenen Daten dienen lediglich statistischen<br \/>Auswertungen und der Verbesserung der Website. F\u00fcr Inhalte und Datenschutz von<br \/>Websites, zu denen wir verlinken, \u00fcbernehmen wir keine Haftung.<\/p><p>\u00a0<\/p><p>\u00a0<\/p><p><b>Cookies<\/b><\/p><p>Diese Website verwendet Cookies. Dabei handelt es sich um<br \/>kleine Textdateien, welche auf Ihrem Endger\u00e4t gespeichert werden. Ihr Browser<br \/>greift auf diese Dateien zu. Durch den Einsatz von Cookies erh\u00f6ht sich die<br \/>Benutzerfreundlichkeit dieser Website. G\u00e4ngige Browser bieten allerdings die<br \/>Einstellungsoption, Cookies nicht zuzulassen.<\/p><p>\u00a0<\/p><p>\u00a0<\/p><p><b>Umgang mit Kontaktdaten<\/b><\/p><p>Wenn Sie mit uns durch die angebotenen Kontaktm\u00f6glichkeiten<br \/>Verbindung aufnehmen, zum Beispiel anl\u00e4sslich einer Anfrage werden Ihre Angaben<br \/>gespeichert damit wir auf diese zur Bearbeitung und Beantwortung Ihrer Anfrage<br \/>zur\u00fcckgreifen k\u00f6nnen.<\/p><p>Wir verpflichten uns, Ihre personenbezogenen Daten nicht an<br \/>Dritte weiterzugeben. Als personenbezogene Daten gelten s\u00e4mtliche<br \/>Informationen, welche dazu dienen, Ihre Person zu bestimmen und welche zu Ihnen<br \/>zur\u00fcckverfolgt werden k\u00f6nnen \u2013 also beispielsweise Ihr Name, Ihre<br \/>E-Mail-Adresse und Telefonnummer.<\/p><p>\u00a0<\/p><p>\u00a0<\/p><p><b>Rechte des Nutzers: Auskunft, Berichtigung und L\u00f6schung<\/b><\/p><p>\u00a0<\/p><p>Sie als Nutzer erhalten auf Antrag Ihrerseits kostenlose<br \/>Auskunft dar\u00fcber, welche personenbezogenen Daten \u00fcber Sie gespeichert wurden.<br \/>Sofern Ihr Wunsch nicht mit einer gesetzlichen Pflicht zur Aufbewahrung von<br \/>Daten kollidiert haben Sie ein Anrecht auf Berichtigung falscher Daten und auf<br \/>die L\u00f6schung Ihrer personenbezogenen Daten.<\/p>\t\t\t\t\t\t\t\t<\/div>\n\t\t\t\t<\/div>\n\t\t\t\t\t<\/div>\n\t\t<\/div>\n\t\t\t\t\t<\/div>\n\t\t<\/section>\n\t\t\t\t<section class=\"elementor-section elementor-top-section elementor-element elementor-element-766b1844 elementor-section-boxed elementor-section-height-default elementor-section-height-default\" data-id=\"766b1844\" data-element_type=\"section\" data-e-type=\"section\">\n\t\t\t\t\t\t<div class=\"elementor-container elementor-column-gap-default\">\n\t\t\t\t\t<div class=\"elementor-column elementor-col-100 elementor-top-column elementor-element elementor-element-20d125fc\" data-id=\"20d125fc\" data-element_type=\"column\" data-e-type=\"column\">\n\t\t\t<div class=\"elementor-widget-wrap elementor-element-populated\">\n\t\t\t\t\t\t\t<\/div>\n\t\t<\/div>\n\t\t\t\t\t<\/div>\n\t\t<\/section>\n\t\t\t\t<\/div>","protected":false},"excerpt":{"rendered":"<p>DATENSCHUTZ Datenschutz\u00a0 \u00a0 Wir nehmen Ihren Datenschutz sehr ernst und behandeln Ihrepersonenbezogenen Daten vertraulich und entsprechend der gesetzlichenVorschriften. Bitte bedenken Sie, dass die Daten\u00fcbertragung im Internetgrunds\u00e4tzlich mit Sicherheitsl\u00fccken bedacht sein kann. Ein vollumf\u00e4nglicherSchutz vor dem Zugriff durch Fremde ist nicht realisierbar. \u00a0 \u00a0 Zugriffsdaten \u00a0 Bei Ihrem Besuch auf unserer Website werden Daten \u00fcberZugriffe auf [&hellip;]<\/p>\n","protected":false},"author":2,"featured_media":0,"parent":0,"menu_order":0,"comment_status":"closed","ping_status":"closed","template":"","meta":{"ocean_post_layout":"full-screen","ocean_both_sidebars_style":"","ocean_both_sidebars_content_width":0,"ocean_both_sidebars_sidebars_width":0,"ocean_sidebar":"0","ocean_second_sidebar":"0","ocean_disable_margins":"enable","ocean_add_body_class":"","ocean_shortcode_before_top_bar":"","ocean_shortcode_after_top_bar":"","ocean_shortcode_before_header":"","ocean_shortcode_after_header":"","ocean_has_shortcode":"","ocean_shortcode_after_title":"","ocean_shortcode_before_footer_widgets":"","ocean_shortcode_after_footer_widgets":"","ocean_shortcode_before_footer_bottom":"","ocean_shortcode_after_footer_bottom":"","ocean_display_top_bar":"on","ocean_display_header":"on","ocean_header_style":"","ocean_center_header_left_menu":"0","ocean_custom_header_template":"0","ocean_custom_logo":0,"ocean_custom_retina_logo":0,"ocean_custom_logo_max_width":0,"ocean_custom_logo_tablet_max_width":0,"ocean_custom_logo_mobile_max_width":0,"ocean_custom_logo_max_height":0,"ocean_custom_logo_tablet_max_height":0,"ocean_custom_logo_mobile_max_height":0,"ocean_header_custom_menu":"0","ocean_menu_typo_font_family":"0","ocean_menu_typo_font_subset":"","ocean_menu_typo_font_size":0,"ocean_menu_typo_font_size_tablet":0,"ocean_menu_typo_font_size_mobile":0,"ocean_menu_typo_font_size_unit":"px","ocean_menu_typo_font_weight":"","ocean_menu_typo_font_weight_tablet":"","ocean_menu_typo_font_weight_mobile":"","ocean_menu_typo_transform":"","ocean_menu_typo_transform_tablet":"","ocean_menu_typo_transform_mobile":"","ocean_menu_typo_line_height":0,"ocean_menu_typo_line_height_tablet":0,"ocean_menu_typo_line_height_mobile":0,"ocean_menu_typo_line_height_unit":"","ocean_menu_typo_spacing":0,"ocean_menu_typo_spacing_tablet":0,"ocean_menu_typo_spacing_mobile":0,"ocean_menu_typo_spacing_unit":"","ocean_menu_link_color":"","ocean_menu_link_color_hover":"","ocean_menu_link_color_active":"","ocean_menu_link_background":"","ocean_menu_link_hover_background":"","ocean_menu_link_active_background":"","ocean_menu_social_links_bg":"","ocean_menu_social_hover_links_bg":"","ocean_menu_social_links_color":"","ocean_menu_social_hover_links_color":"","ocean_disable_title":"on","ocean_disable_heading":"default","ocean_post_title":"","ocean_post_subheading":"","ocean_post_title_style":"","ocean_post_title_background_color":"","ocean_post_title_background":0,"ocean_post_title_bg_image_position":"","ocean_post_title_bg_image_attachment":"","ocean_post_title_bg_image_repeat":"","ocean_post_title_bg_image_size":"","ocean_post_title_height":0,"ocean_post_title_bg_overlay":0.5,"ocean_post_title_bg_overlay_color":"","ocean_disable_breadcrumbs":"default","ocean_breadcrumbs_color":"","ocean_breadcrumbs_separator_color":"","ocean_breadcrumbs_links_color":"","ocean_breadcrumbs_links_hover_color":"","ocean_display_footer_widgets":"on","ocean_display_footer_bottom":"on","ocean_custom_footer_template":"0","footnotes":""},"class_list":["post-15","page","type-page","status-publish","hentry","entry"],"_links":{"self":[{"href":"https:\/\/ferme-refat.be\/fr\/wp-json\/wp\/v2\/pages\/15","targetHints":{"allow":["GET"]}}],"collection":[{"href":"https:\/\/ferme-refat.be\/fr\/wp-json\/wp\/v2\/pages"}],"about":[{"href":"https:\/\/ferme-refat.be\/fr\/wp-json\/wp\/v2\/types\/page"}],"author":[{"embeddable":true,"href":"https:\/\/ferme-refat.be\/fr\/wp-json\/wp\/v2\/users\/2"}],"replies":[{"embeddable":true,"href":"https:\/\/ferme-refat.be\/fr\/wp-json\/wp\/v2\/comments?post=15"}],"version-history":[{"count":21,"href":"https:\/\/ferme-refat.be\/fr\/wp-json\/wp\/v2\/pages\/15\/revisions"}],"predecessor-version":[{"id":555,"href":"https:\/\/ferme-refat.be\/fr\/wp-json\/wp\/v2\/pages\/15\/revisions\/555"}],"wp:attachment":[{"href":"https:\/\/ferme-refat.be\/fr\/wp-json\/wp\/v2\/media?parent=15"}],"curies":[{"name":"wp","href":"https:\/\/api.w.org\/{rel}","templated":true}]}}